{"id":2812,"date":"2025-07-31T15:25:13","date_gmt":"2025-07-31T14:25:13","guid":{"rendered":"https:\/\/lorainea.fr\/?page_id=2812"},"modified":"2026-03-24T11:04:48","modified_gmt":"2026-03-24T10:04:48","slug":"nos-futures-creatrices","status":"publish","type":"page","link":"https:\/\/lorainea.fr\/en\/nos-futures-creatrices\/","title":{"rendered":"Nos cr\u00e9atrices et leurs projets ambitieux"},"content":{"rendered":"<div data-elementor-type=\"wp-page\" data-elementor-id=\"2812\" class=\"elementor elementor-2812\">\n\t\t\t\t<div class=\"elementor-element elementor-element-190c07a e-grid e-con-boxed e-con e-parent\" data-id=\"190c07a\" data-element_type=\"container\" data-e-type=\"container\">\n\t\t\t\t\t<div class=\"e-con-inner\">\n\t\t\t\t<div class=\"elementor-element elementor-element-06f3a50 elementor-widget elementor-widget-spacer\" data-id=\"06f3a50\" data-element_type=\"widget\" data-e-type=\"widget\" data-widget_type=\"spacer.default\">\n\t\t\t\t<div class=\"elementor-widget-container\">\n\t\t\t\t\t\t\t<div class=\"elementor-spacer\">\n\t\t\t<div class=\"elementor-spacer-inner\"><\/div>\n\t\t<\/div>\n\t\t\t\t\t\t<\/div>\n\t\t\t\t<\/div>\n\t\t\t\t\t<\/div>\n\t\t\t\t<\/div>\n\t\t<div class=\"elementor-element elementor-element-1fcc109 e-flex e-con-boxed e-con e-parent\" data-id=\"1fcc109\" data-element_type=\"container\" data-e-type=\"container\">\n\t\t\t\t\t<div class=\"e-con-inner\">\n\t\t\t\t<div class=\"elementor-element elementor-element-e8d9674 animated-slow elementor-invisible elementor-widget elementor-widget-heading\" data-id=\"e8d9674\" data-element_type=\"widget\" data-e-type=\"widget\" data-settings=\"{&quot;_animation&quot;:&quot;fadeInUp&quot;,&quot;_animation_delay&quot;:300}\" data-widget_type=\"heading.default\">\n\t\t\t\t<div class=\"elementor-widget-container\">\n\t\t\t\t\t<h2 class=\"elementor-heading-title elementor-size-default\">Lorainea est une grande famille<\/h2>\t\t\t\t<\/div>\n\t\t\t\t<\/div>\n\t\t\t\t\t<\/div>\n\t\t\t\t<\/div>\n\t\t<div class=\"elementor-element elementor-element-9360a40 e-flex e-con-boxed e-con e-parent\" data-id=\"9360a40\" data-element_type=\"container\" data-e-type=\"container\">\n\t\t\t\t\t<div class=\"e-con-inner\">\n\t\t\t\t<div class=\"elementor-element elementor-element-8f5c550 elementor-widget elementor-widget-spacer\" data-id=\"8f5c550\" data-element_type=\"widget\" data-e-type=\"widget\" data-widget_type=\"spacer.default\">\n\t\t\t\t<div class=\"elementor-widget-container\">\n\t\t\t\t\t\t\t<div class=\"elementor-spacer\">\n\t\t\t<div class=\"elementor-spacer-inner\"><\/div>\n\t\t<\/div>\n\t\t\t\t\t\t<\/div>\n\t\t\t\t<\/div>\n\t\t\t\t\t<\/div>\n\t\t\t\t<\/div>\n\t\t<div class=\"elementor-element elementor-element-5f6f8f5 animated-slow e-flex e-con-boxed elementor-invisible e-con e-parent\" data-id=\"5f6f8f5\" data-element_type=\"container\" data-e-type=\"container\" data-settings=\"{&quot;animation&quot;:&quot;fadeInUp&quot;,&quot;animation_delay&quot;:300}\">\n\t\t\t\t\t<div class=\"e-con-inner\">\n\t\t\t\t<div class=\"elementor-element elementor-element-4582af1 animated-slow elementor-invisible elementor-widget elementor-widget-image\" data-id=\"4582af1\" data-element_type=\"widget\" data-e-type=\"widget\" data-settings=\"{&quot;_animation&quot;:&quot;fadeInUp&quot;,&quot;_animation_delay&quot;:300}\" data-widget_type=\"image.default\">\n\t\t\t\t<div class=\"elementor-widget-container\">\n\t\t\t\t\t\t\t\t\t\t\t\t\t\t\t<img fetchpriority=\"high\" decoding=\"async\" width=\"2560\" height=\"1707\" src=\"https:\/\/lorainea.fr\/wp-content\/uploads\/2025\/08\/Nos-futures-creatrices-et-leurs-projets-ambitieux-2-scaled.webp\" class=\"attachment-full size-full wp-image-3404\" alt=\"D\u00e9couvrez les projets inspirants de nos futures cr\u00e9atrices \u00e0 travers des fiches d\u00e9taill\u00e9es. Des id\u00e9es innovantes \u00e0 suivre de pr\u00e8s !\" srcset=\"https:\/\/lorainea.fr\/wp-content\/uploads\/2025\/08\/Nos-futures-creatrices-et-leurs-projets-ambitieux-2-scaled.webp 2560w, https:\/\/lorainea.fr\/wp-content\/uploads\/2025\/08\/Nos-futures-creatrices-et-leurs-projets-ambitieux-2-300x200.webp 300w, https:\/\/lorainea.fr\/wp-content\/uploads\/2025\/08\/Nos-futures-creatrices-et-leurs-projets-ambitieux-2-1024x683.webp 1024w, https:\/\/lorainea.fr\/wp-content\/uploads\/2025\/08\/Nos-futures-creatrices-et-leurs-projets-ambitieux-2-768x512.webp 768w, https:\/\/lorainea.fr\/wp-content\/uploads\/2025\/08\/Nos-futures-creatrices-et-leurs-projets-ambitieux-2-1536x1024.webp 1536w, https:\/\/lorainea.fr\/wp-content\/uploads\/2025\/08\/Nos-futures-creatrices-et-leurs-projets-ambitieux-2-2048x1365.webp 2048w\" sizes=\"(max-width: 2560px) 100vw, 2560px\" \/>\t\t\t\t\t\t\t\t\t\t\t\t\t\t\t<\/div>\n\t\t\t\t<\/div>\n\t\t\t\t\t<\/div>\n\t\t\t\t<\/div>\n\t\t<div class=\"elementor-element elementor-element-3281632 e-flex e-con-boxed e-con e-parent\" data-id=\"3281632\" data-element_type=\"container\" data-e-type=\"container\">\n\t\t\t\t\t<div class=\"e-con-inner\">\n\t\t\t\t<div class=\"elementor-element elementor-element-4f1116d elementor-widget elementor-widget-spacer\" data-id=\"4f1116d\" data-element_type=\"widget\" data-e-type=\"widget\" data-widget_type=\"spacer.default\">\n\t\t\t\t<div class=\"elementor-widget-container\">\n\t\t\t\t\t\t\t<div class=\"elementor-spacer\">\n\t\t\t<div class=\"elementor-spacer-inner\"><\/div>\n\t\t<\/div>\n\t\t\t\t\t\t<\/div>\n\t\t\t\t<\/div>\n\t\t\t\t\t<\/div>\n\t\t\t\t<\/div>\n\t\t<div class=\"elementor-element elementor-element-85eaa74 e-grid e-con-boxed e-con e-parent\" data-id=\"85eaa74\" data-element_type=\"container\" data-e-type=\"container\" data-settings=\"{&quot;animation_mobile&quot;:&quot;fadeInUp&quot;}\">\n\t\t\t\t\t<div class=\"e-con-inner\">\n\t\t\t\t<div class=\"elementor-element elementor-element-ffdadfd animated-slow elementor-invisible elementor-widget elementor-widget-heading\" data-id=\"ffdadfd\" data-element_type=\"widget\" data-e-type=\"widget\" data-settings=\"{&quot;_animation&quot;:&quot;fadeInUp&quot;,&quot;_animation_tablet&quot;:&quot;fadeInUp&quot;,&quot;_animation_delay&quot;:300}\" data-widget_type=\"heading.default\">\n\t\t\t\t<div class=\"elementor-widget-container\">\n\t\t\t\t\t<h2 class=\"elementor-heading-title elementor-size-default\">D\u00e9couvrez les activit\u00e9s de nos membres ainsi que les projets inspirants de nos futures cr\u00e9atrices  \u00e0 travers des fiches d\u00e9taill\u00e9es. <\/h2>\t\t\t\t<\/div>\n\t\t\t\t<\/div>\n\t\t\t\t\t<\/div>\n\t\t\t\t<\/div>\n\t\t<div class=\"elementor-element elementor-element-b4a5e0f e-grid e-con-boxed e-con e-parent\" data-id=\"b4a5e0f\" data-element_type=\"container\" data-e-type=\"container\">\n\t\t\t\t\t<div class=\"e-con-inner\">\n\t\t\t\t<div class=\"elementor-element elementor-element-ce11384 animated-slow elementor-invisible elementor-widget elementor-widget-html\" data-id=\"ce11384\" data-element_type=\"widget\" data-e-type=\"widget\" data-settings=\"{&quot;_animation&quot;:&quot;fadeIn&quot;,&quot;_animation_delay&quot;:300}\" data-widget_type=\"html.default\">\n\t\t\t\t<div class=\"elementor-widget-container\">\n\t\t\t\t\t<style>\r\n  .fiche-container {\r\n    display: flex;\r\n    flex-wrap: wrap;\r\n    gap: 40px;\r\n    justify-content: center;\r\n    margin-bottom: 60px;\r\n  }\r\n\r\n  .fiche {\r\n    background-color: #000;\r\n    border-radius: 15px;\r\n    padding: 30px;\r\n    color: #fff;\r\n    box-shadow: 0 0 30px rgba(255, 255, 255, 0.1);\r\n    max-width: 300px;\r\n    font-family: 'Karla', sans-serif;\r\n    font-size: 17px;\r\n    line-height: 1.6;\r\n    display: flex;\r\n    flex-direction: column;\r\n    justify-content: space-between;\r\n  }\r\n\r\n  .fiche img {\r\n    width: 100%;\r\n    border-radius: 15px;\r\n    object-fit: cover;\r\n    margin-bottom: 20px;\r\n  }\r\n\r\n  .fiche h2 {\r\n    font-family: 'Rubik', sans-serif;\r\n    font-size: 24px;\r\n    margin: 0 0 10px;\r\n    color: #99358D;\r\n  }\r\n\r\n  .fiche .titre-Activit\u00e9 {\r\n    font-family: 'Rubik', sans-serif;\r\n    font-size: 15px;\r\n    margin-bottom: 15px;\r\n    color: #fff;\r\n  }\r\n\r\n  .fiche h3 {\r\n    font-family: 'Rubik', sans-serif;\r\n    font-size: 15px;\r\n    color: #99358D;\r\n    margin-top: 20px;\r\n    margin-bottom: 10px;\r\n  }\r\n\r\n  .fiche ul {\r\n    list-style: disc;\r\n    padding-left: 20px;\r\n    margin: 10px 0;\r\n    color: #fff;\r\n  }\r\n\r\n  .fiche p {\r\n    color: #fff;\r\n  }\r\n\r\n  .fiche .boutons {\r\n    margin-top: 20px;\r\n    display: flex;\r\n    flex-direction: column;\r\n    gap: 10px;\r\n  }\r\n\r\n  .fiche .btn {\r\n    display: inline-block;\r\n    text-align: center;\r\n    font-family: 'Rubik', sans-serif;\r\n    font-weight: bold;\r\n    font-size: 15px;\r\n    padding: 12px 20px;\r\n    border-radius: 15px;\r\n    text-decoration: none;\r\n    background-color: #fff;\r\n    color: #000;\r\n    border: none;\r\n    transition: 0.3s ease;\r\n  }\r\n\r\n  .fiche .btn:hover {\r\n    background-color: #F9DF88;\r\n    color: #000;\r\n  }\r\n<\/style>\r\n\r\n<div class=\"fiche-container\">\r\n  <div class=\"fiche\">\r\n    <img decoding=\"async\" data-src=\"https:\/\/lorainea.fr\/wp-content\/uploads\/2025\/07\/profil-e1753974383435.webp\" alt=\"Nancy ASUOHA\" src=\"data:image\/svg+xml;base64,PHN2ZyB3aWR0aD0iMSIgaGVpZ2h0PSIxIiB4bWxucz0iaHR0cDovL3d3dy53My5vcmcvMjAwMC9zdmciPjwvc3ZnPg==\" class=\"lazyload\" style=\"--smush-placeholder-width: 557px; --smush-placeholder-aspect-ratio: 557\/561;\">\r\n    <h2>Nancy ASUOHA<\/h2>\r\n    <p class=\"titre-Activit\u00e9\"><strong>Activit\u00e9 :<\/strong> Ligne d'accessoires aux effigies de la Lorraine<\/p>\r\n    <p>Nancy a cr\u00e9\u00e9 une collection mode pour promouvoir la Lorraine \u00e0 travers des pi\u00e8ces styl\u00e9es, identitaires et engag\u00e9es. Elle met en lumi\u00e8re le patrimoine local de mani\u00e8re contemporaine.<\/p>\r\n\r\n    <h3>Vous pouvez l'aider<\/h3>\r\n    <ul>\r\n      <li>Financements pour le lancement<\/li>\r\n      <li>Fournisseurs textiles sp\u00e9cialis\u00e9s<\/li>\r\n    <\/ul>\r\n\r\n  <div class=\"boutons\">\r\n      <a href=\"https:\/\/www.jepassaisparlalorraine.fr\/\" target=\"_blank\" class=\"btn btn-principal\">D\u00e9couvrir son projet<\/a>\r\n      <a href=\"mailto:contact@jepassaisparlalorraine.fr\" class=\"btn\">Contacter Nancy<\/a>\r\n    <\/div>\r\n  <\/div>\r\n<\/div>\r\n\t\t\t\t<\/div>\n\t\t\t\t<\/div>\n\t\t\t\t<div class=\"elementor-element elementor-element-1844009 elementor-invisible elementor-widget elementor-widget-html\" data-id=\"1844009\" data-element_type=\"widget\" data-e-type=\"widget\" data-settings=\"{&quot;_animation&quot;:&quot;fadeIn&quot;,&quot;_animation_delay&quot;:300}\" data-widget_type=\"html.default\">\n\t\t\t\t<div class=\"elementor-widget-container\">\n\t\t\t\t\t<style>\r\n  .fiche-container {\r\n    display: flex;\r\n    flex-wrap: wrap;\r\n    gap: 40px;\r\n    justify-content: center;\r\n    margin-bottom: 60px;\r\n  }\r\n\r\n  .fiche {\r\n    background-color: #000;\r\n    border-radius: 15px;\r\n    padding: 30px;\r\n    color: #fff;\r\n    box-shadow: 0 0 30px rgba(249, 223, 136, 0.2);\r\n    max-width: 300px;\r\n    font-family: 'Karla', sans-serif;\r\n    font-size: 17px;\r\n    line-height: 1.6;\r\n    display: flex;\r\n    flex-direction: column;\r\n    justify-content: space-between;\r\n  }\r\n\r\n  .fiche img {\r\n    width: 100%;\r\n    border-radius: 15px;\r\n    object-fit: cover;\r\n    margin-bottom: 20px;\r\n  }\r\n\r\n  .fiche h2 {\r\n    font-family: 'Rubik', sans-serif;\r\n    font-size: 24px;\r\n    margin: 0 0 10px;\r\n    color: #99358D;\r\n  }\r\n\r\n  .fiche .titre-projet {\r\n    font-family: 'Rubik', sans-serif;\r\n    font-size: 15px;\r\n    margin-bottom: 15px;\r\n    color: #fff;\r\n  }\r\n\r\n  .fiche h3 {\r\n    font-family: 'Rubik', sans-serif;\r\n    font-size: 15px;\r\n    color: #99358D;\r\n    margin-top: 20px;\r\n    margin-bottom: 10px;\r\n  }\r\n\r\n  .fiche ul {\r\n    list-style: disc;\r\n    padding-left: 20px;\r\n    margin: 10px 0;\r\n  }\r\n\r\n  .fiche .boutons {\r\n    margin-top: 20px;\r\n    display: flex;\r\n    flex-direction: column;\r\n    gap: 10px;\r\n  }\r\n\r\n  .fiche .btn {\r\n    display: inline-block;\r\n    text-align: center;\r\n    font-family: 'Rubik', sans-serif;\r\n    font-weight: bold;\r\n    font-size: 15px;\r\n    padding: 12px 20px;\r\n    border-radius: 15px;\r\n    text-decoration: none;\r\n  }\r\n\r\n  .btn-principal {\r\n    background-color: #fff;\r\n    color: #000;\r\n  }\r\n\r\n  .btn-secondaire {\r\n    background-color: transparent;\r\n    border: 2px solid #F9DF88;\r\n    color: #F9DF88;\r\n  }\r\n<\/style>\r\n\r\n<div class=\"fiche-container\">\r\n  <div class=\"fiche\">\r\n    <img decoding=\"async\" data-src=\"https:\/\/lorainea.fr\/wp-content\/uploads\/2025\/08\/Logo-Asmae-LBMB.webp\" alt=\"Photo de Asmae BELLA\" src=\"data:image\/svg+xml;base64,PHN2ZyB3aWR0aD0iMSIgaGVpZ2h0PSIxIiB4bWxucz0iaHR0cDovL3d3dy53My5vcmcvMjAwMC9zdmciPjwvc3ZnPg==\" class=\"lazyload\" style=\"--smush-placeholder-width: 1170px; --smush-placeholder-aspect-ratio: 1170\/1282;\">\r\n\r\n    <h2>Asmae BELLA<\/h2>\r\n    <p class=\"titre-projet\"><strong>Projet :<\/strong> Fondatrice de la marque cosm\u00e9tique <em>Lorraine by Madame Bella<\/em><\/p>\r\n\r\n    <p>\r\n      Asmae a cr\u00e9\u00e9 une marque de cosm\u00e9tiques innovante : <strong>Lorraine by Madame Bella<\/strong>. Son objectif est de proposer des soins gel-cr\u00e8me \u00e0 la fois sensoriels, efficaces et respectueux de la peau. Son projet incarne une vision du luxe conscient, naturel et f\u00e9minin.\r\n    <\/p>\r\n\r\n    <h3>Vous pouvez l'aider<\/h3>\r\n    <ul>\r\n      <li>Graphiste<\/li>\r\n      <li>Fournisseur de packaging<\/li>\r\n      <li>Solutions logistiques<\/li>\r\n      <li>Stockage<\/li>\r\n      <li>Livraison<\/li>\r\n    <\/ul>\r\n\r\n    <div class=\"boutons\">\r\n      <a href=\"https:\/\/www.bmblorraine.fr\/\" target=\"_blank\" class=\"btn btn-principal\">D\u00e9couvrir son projet<\/a>\r\n      <a href=\"mailto:Asmaebella@bmblorraine.fr\" class=\"btn btn-secondaire\">Contacter Asmae<\/a>\r\n    <\/div>\r\n  <\/div>\r\n<\/div>\r\n\t\t\t\t<\/div>\n\t\t\t\t<\/div>\n\t\t\t\t<div class=\"elementor-element elementor-element-da09814 elementor-invisible elementor-widget elementor-widget-html\" data-id=\"da09814\" data-element_type=\"widget\" data-e-type=\"widget\" data-settings=\"{&quot;_animation&quot;:&quot;fadeIn&quot;,&quot;_animation_delay&quot;:300}\" data-widget_type=\"html.default\">\n\t\t\t\t<div class=\"elementor-widget-container\">\n\t\t\t\t\t<style>\r\n  .fiche-container {\r\n    display: flex;\r\n    flex-wrap: wrap;\r\n    gap: 40px;\r\n    justify-content: center;\r\n    margin-bottom: 60px;\r\n  }\r\n\r\n  .fiche {\r\n    background-color: #000;\r\n    border-radius: 15px;\r\n    padding: 30px;\r\n    color: #fff;\r\n    box-shadow: 0 0 30px rgba(249, 223, 136, 0.2);\r\n    max-width: 300px;\r\n    font-family: 'Karla', sans-serif;\r\n    font-size: 17px;\r\n    line-height: 1.6;\r\n    display: flex;\r\n    flex-direction: column;\r\n    justify-content: space-between;\r\n  }\r\n\r\n  .fiche img {\r\n    width: 100%;\r\n    border-radius: 15px;\r\n    object-fit: cover;\r\n    margin-bottom: 20px;\r\n  }\r\n\r\n  .fiche h2 {\r\n    font-family: 'Rubik', sans-serif;\r\n    font-size: 24px;\r\n    margin: 0 0 10px;\r\n    color: #99358D;\r\n  }\r\n\r\n  .fiche .titre-projet {\r\n    font-family: 'Rubik', sans-serif;\r\n    font-size: 15px;\r\n    margin-bottom: 15px;\r\n    color: #fff;\r\n  }\r\n\r\n  .fiche h3 {\r\n    font-family: 'Rubik', sans-serif;\r\n    font-size: 15px;\r\n    color: #99358D;\r\n    margin-top: 20px;\r\n    margin-bottom: 10px;\r\n  }\r\n\r\n  .fiche ul {\r\n    list-style: disc;\r\n    padding-left: 20px;\r\n    margin: 10px 0;\r\n  }\r\n\r\n  .fiche .boutons {\r\n    margin-top: 20px;\r\n    display: flex;\r\n    flex-direction: column;\r\n    gap: 10px;\r\n  }\r\n\r\n  .fiche .btn {\r\n    display: inline-block;\r\n    text-align: center;\r\n    font-family: 'Rubik', sans-serif;\r\n    font-weight: bold;\r\n    font-size: 15px;\r\n    padding: 12px 20px;\r\n    border-radius: 15px;\r\n    text-decoration: none;\r\n  }\r\n\r\n  .btn-principal {\r\n    background-color: #fff;\r\n    color: #000;\r\n  }\r\n\r\n  .btn-secondaire {\r\n    background-color: transparent;\r\n    border: 2px solid #F9DF88;\r\n    color: #F9DF88;\r\n  }\r\n<\/style>\r\n\r\n<div class=\"fiche-container\">\r\n  <div class=\"fiche\">\r\n    <img decoding=\"async\" data-src=\"https:\/\/lorainea.fr\/wp-content\/uploads\/2025\/08\/Valerie-Reflexologue.webp\" src=\"data:image\/svg+xml;base64,PHN2ZyB3aWR0aD0iMSIgaGVpZ2h0PSIxIiB4bWxucz0iaHR0cDovL3d3dy53My5vcmcvMjAwMC9zdmciPjwvc3ZnPg==\" class=\"lazyload\" style=\"--smush-placeholder-width: 1600px; --smush-placeholder-aspect-ratio: 1600\/1285;\">\r\n\r\n    <h2> Val\u00e9rie PERRIGUEY <\/h2>\r\n    <p class=\"titre-projet\"><strong>Projet :<\/strong> R\u00e9flexologue  <\/p>\r\n\r\n    <p>\r\n      Val\u00e9rie accompagne des personnes souffrant de troubles r\u00e9currents pouvant isoler gr\u00e2ce \u00e0 la r\u00e9flexologie : <strong>, en apportant soulagement, d\u00e9tente et bien -\u00eatre<\/strong>. Son approche bienveillante et professionnelle,s\u2019adresse aux personnes \u00e2g\u00e9es,adultes,enfants et salari\u00e9s. Elle intervient en entreprise, \u00e9tablissement de soins et \u00e0 domicile dans le secteur de Nancy\r\n    <\/p>\r\n\r\n    <h3>Vous pouvez l'aider<\/h3>\r\n    <ul>\r\n      <li>Gagner en visibilt\u00e9 pour faire connaitre son activit\u00e9<\/li>\r\n    <\/ul>\r\n\r\n    <div class=\"boutons\">\r\n      <a href=\"https:\/\/www.valerie-perriguey.fr\/\" target=\"_blank\" class=\"btn btn-principal\">D\u00e9couvrir son projet<\/a>\r\n      <a href=\"mailto:perrigueyreflexologieei@gmail.com\" class=\"btn btn-secondaire\">Contacter Asmae<\/a>\r\n    <\/div>\r\n  <\/div>\r\n<\/div>\r\n\t\t\t\t<\/div>\n\t\t\t\t<\/div>\n\t\t\t\t\t<\/div>\n\t\t\t\t<\/div>\n\t\t<div class=\"elementor-element elementor-element-f1ccd70 e-grid e-con-boxed e-con e-parent\" data-id=\"f1ccd70\" data-element_type=\"container\" data-e-type=\"container\">\n\t\t\t\t\t<div class=\"e-con-inner\">\n\t\t\t\t<div class=\"elementor-element elementor-element-78eb44e elementor-invisible elementor-widget elementor-widget-html\" data-id=\"78eb44e\" data-element_type=\"widget\" data-e-type=\"widget\" data-settings=\"{&quot;_animation&quot;:&quot;fadeIn&quot;,&quot;_animation_delay&quot;:300}\" data-widget_type=\"html.default\">\n\t\t\t\t<div class=\"elementor-widget-container\">\n\t\t\t\t\t <!-- Fiche 2 -->\r\n  <div class=\"fiche\">\r\n    <img decoding=\"async\" data-src=\"https:\/\/lorainea.fr\/wp-content\/uploads\/2025\/08\/Aurelie.webp\"\r\n\" src=\"data:image\/svg+xml;base64,PHN2ZyB3aWR0aD0iMSIgaGVpZ2h0PSIxIiB4bWxucz0iaHR0cDovL3d3dy53My5vcmcvMjAwMC9zdmciPjwvc3ZnPg==\" class=\"lazyload\" style=\"--smush-placeholder-width: 762px; --smush-placeholder-aspect-ratio: 762\/1267;\">\r\n    <h2>CORGER Aur\u00e9lie <\/h2>\r\n    <p class=\"titre-Activit\u00e9\"><strong>Activit\u00e9 :<\/strong> Cabinet de somatopathie <\/p>\r\n    <p>A ouvert un cabinet sur Nancy o\u00f9 elle propose des s\u00e9ances de somatopathie ou de constellation familiale. <\/h3>\r\n    <\/p>\r\n\r\n    <h3>Vous pouvez l'aider<\/h3>\r\n    <ul>\r\n      <li>Se faire conna\u00eetre <\/li>\r\n\r\n\r\n\r\n    <\/ul>\r\n    <div class=\"boutons\">\r\n      <a href=\"https:\/\/www.primocreno.com\/somatopathe\/nancy-54000\/aurelie-corger\" class=\"btn btn-principal\" target=\"_blank\">D\u00e9couvrir son projet<\/a>\r\n     <a href=\"mailto:aureliecorger.somatopathe@gmail.com\" class=\"btn btn-secondaire\">Contacter Aur\u00e9lie<\/a>\r\n    <\/div>\r\n  <\/div>\r\n<\/div>\r\n\t\t\t\t<\/div>\n\t\t\t\t<\/div>\n\t\t\t\t\t<\/div>\n\t\t\t\t<\/div>\n\t\t\t\t<\/div>","protected":false},"excerpt":{"rendered":"<p>Lorainea est une grande famille D\u00e9couvrez les activit\u00e9s de nos membres ainsi que les projets inspirants de nos futures cr\u00e9atrices \u00e0 travers des fiches d\u00e9taill\u00e9es. Nancy ASUOHA Activit\u00e9 : Ligne d&rsquo;accessoires aux effigies de la Lorraine Nancy a cr\u00e9\u00e9 une collection mode pour promouvoir la Lorraine \u00e0 travers des pi\u00e8ces styl\u00e9es, identitaires et engag\u00e9es. Elle [&hellip;]<\/p>\n","protected":false},"author":1,"featured_media":0,"parent":0,"menu_order":0,"comment_status":"closed","ping_status":"closed","template":"","meta":{"om_disable_all_campaigns":false,"footnotes":""},"class_list":["post-2812","page","type-page","status-publish","hentry"],"blocksy_meta":[],"aioseo_notices":[],"_links":{"self":[{"href":"https:\/\/lorainea.fr\/en\/wp-json\/wp\/v2\/pages\/2812","targetHints":{"allow":["GET"]}}],"collection":[{"href":"https:\/\/lorainea.fr\/en\/wp-json\/wp\/v2\/pages"}],"about":[{"href":"https:\/\/lorainea.fr\/en\/wp-json\/wp\/v2\/types\/page"}],"author":[{"embeddable":true,"href":"https:\/\/lorainea.fr\/en\/wp-json\/wp\/v2\/users\/1"}],"replies":[{"embeddable":true,"href":"https:\/\/lorainea.fr\/en\/wp-json\/wp\/v2\/comments?post=2812"}],"version-history":[{"count":0,"href":"https:\/\/lorainea.fr\/en\/wp-json\/wp\/v2\/pages\/2812\/revisions"}],"wp:attachment":[{"href":"https:\/\/lorainea.fr\/en\/wp-json\/wp\/v2\/media?parent=2812"}],"curies":[{"name":"wp","href":"https:\/\/api.w.org\/{rel}","templated":true}]}}